{"id":285,"date":"2025-06-03T16:05:48","date_gmt":"2025-06-03T14:05:48","guid":{"rendered":"https:\/\/kaminka.pionyr.cz\/2026\/?page_id=285"},"modified":"2025-06-03T16:30:12","modified_gmt":"2025-06-03T14:30:12","slug":"zakladni-informace","status":"publish","type":"page","link":"https:\/\/kaminka.pionyr.cz\/2026\/zakladni-informace\/","title":{"rendered":"Z\u00e1kladn\u00ed informace"},"content":{"rendered":"<p>[et_pb_section fb_built=&#8220;1&#8243; fullwidth=&#8220;on&#8220; _builder_version=&#8220;4.19.4&#8243; _module_preset=&#8220;default&#8220; global_colors_info=&#8220;{}&#8220;][et_pb_fullwidth_header title=&#8220;Z\u00e1kladn\u00ed informace&#8220; _builder_version=&#8220;4.19.4&#8243; _module_preset=&#8220;9361716a-50af-4aeb-a4e4-7e5d19099a90&#8243; content_text_color=&#8220;#000000&#8243; global_colors_info=&#8220;{}&#8220;]<\/p>\n<p>V\u0161echno, co pot\u0159ebuje\u0161 v\u011bd\u011bt o v\u00edkendu Kam\u00ednek \u2013 na jednom m\u00edst\u011b.<\/p>\n<p>[\/et_pb_fullwidth_header][\/et_pb_section][et_pb_section fb_built=&#8220;1&#8243; _builder_version=&#8220;4.19.4&#8243; _module_preset=&#8220;default&#8220; global_colors_info=&#8220;{}&#8220;][et_pb_row column_structure=&#8220;3_5,2_5&#8243; _builder_version=&#8220;4.19.4&#8243; _module_preset=&#8220;default&#8220; global_colors_info=&#8220;{}&#8220;][et_pb_column type=&#8220;3_5&#8243; _builder_version=&#8220;4.19.4&#8243; _module_preset=&#8220;default&#8220; global_colors_info=&#8220;{}&#8220;][et_pb_text _builder_version=&#8220;4.19.4&#8243; _module_preset=&#8220;default&#8220; global_colors_info=&#8220;{}&#8220;]<\/p>\n<h2>KDE JE \u0160KOLA A JAK SE TAM DOSTAT<\/h2>\n<p><strong>Z\u00e1kladn\u00ed \u0161kola Klatovy, Tolst\u00e9ho 765, 339 01 Klatovy<\/strong><\/p>\n<p>Pokud p\u0159ijede\u0161 vlakem, vystup na zast\u00e1vce Klatovy. Odtud je to do \u0161koly 600 metr\u016f p\u011b\u0161ky. Z autobusov\u00e9ho n\u00e1dra\u017e\u00ed je to 900 metr\u016f.<\/p>\n<p>[\/et_pb_text][et_pb_text _builder_version=&#8220;4.19.4&#8243; _module_preset=&#8220;default&#8220; link_font=&#8220;||||on||||&#8220; link_text_color=&#8220;#E12FC5&#8243; global_colors_info=&#8220;{}&#8220;]<\/p>\n<h2>Telefonn\u00ed kontakty<\/h2>\n<p><strong>D\u00e1\u0161a<\/strong>: <a href=\"tel:777200354\">777 200 354<\/a><br \/><strong>Naty<\/strong>: <a href=\"tel:773032015\">773 032 015<\/a><br \/><strong>Ivanka<\/strong>: <a href=\"tel:607814571\">607 814 571<\/a><\/p>\n<p>[\/et_pb_text][\/et_pb_column][et_pb_column type=&#8220;2_5&#8243; _builder_version=&#8220;4.19.4&#8243; _module_preset=&#8220;default&#8220; global_colors_info=&#8220;{}&#8220;][et_pb_code _builder_version=&#8220;4.19.4&#8243; _module_preset=&#8220;default&#8220; global_colors_info=&#8220;{}&#8220;]<iframe loading=\"lazy\" style=\"border:none\" src=\"https:\/\/mapy.com\/s\/beguzutafo\" width=\"100%\" height=\"300\" frameborder=\"0\"><\/iframe>[\/et_pb_code][\/et_pb_column][\/et_pb_row][et_pb_row _builder_version=&#8220;4.19.4&#8243; _module_preset=&#8220;default&#8220; global_colors_info=&#8220;{}&#8220;][et_pb_column type=&#8220;4_4&#8243; _builder_version=&#8220;4.19.4&#8243; _module_preset=&#8220;default&#8220; global_colors_info=&#8220;{}&#8220;][et_pb_text _builder_version=&#8220;4.19.4&#8243; _module_preset=&#8220;default&#8220; link_font=&#8220;||||on||||&#8220; link_text_color=&#8220;#E12FC5&#8243; global_colors_info=&#8220;{}&#8220;]<\/p>\n<h2>Ubytov\u00e1n\u00ed<\/h2>\n<p>Ubytovat se bude mo\u017en\u00e9 ve \u0161koln\u00edch t\u0159\u00edd\u00e1ch ve vlastn\u00edch spac\u00e1c\u00edch na vlastn\u00edch karimatk\u00e1ch v r\u00e1mci \u00fa\u010dastn\u00edc\u00edho poplatku.<\/p>\n<p>Bude mo\u017enost ubytov\u00e1n\u00ed na postel\u00edch intru pr\u016fmyslovky pobl\u00ed\u017e \u0161koly, bli\u017e\u0161\u00ed informace p\u0159id\u00e1me pozd\u011bji.<\/p>\n<p>[\/et_pb_text][et_pb_text _builder_version=&#8220;4.19.4&#8243; _module_preset=&#8220;default&#8220; link_font=&#8220;||||on||||&#8220; link_text_color=&#8220;#E12FC5&#8243; hover_enabled=&#8220;0&#8243; global_colors_info=&#8220;{}&#8220; sticky_enabled=&#8220;0&#8243;]<\/p>\n<h2>\u0160koli\u010dka pro d\u011bti<\/h2>\n<p>Bere\u0161 s sebou svoje d\u011bti? V pr\u016fb\u011bhu program\u016f se o tvoje ratolesti postar\u00e1me ve \u0161koli\u010dce.<\/p>\n<p>\u0160koli\u010dka je ur\u010dena pro d\u011bti do sedmi let. Pro p\u0159ihl\u00e1\u0161en\u00ed do \u0161koli\u010dky je pot\u0159eba zapsat do p\u0159ihla\u0161ovny, \u017ee s sebou d\u011bti berete.<\/p>\n<p>[\/et_pb_text][\/et_pb_column][\/et_pb_row][\/et_pb_section]<\/p>\n","protected":false},"excerpt":{"rendered":"<p>V\u0161echno, co pot\u0159ebuje\u0161 v\u011bd\u011bt o v\u00edkendu Kam\u00ednek \u2013 na jednom m\u00edst\u011b.KDE JE \u0160KOLA A JAK SE TAM DOSTAT Z\u00e1kladn\u00ed \u0161kola Klatovy, Tolst\u00e9ho 765, 339 01 Klatovy Pokud p\u0159ijede\u0161 vlakem, vystup na zast\u00e1vce Klatovy. Odtud je to do \u0161koly 600 metr\u016f p\u011b\u0161ky. Z autobusov\u00e9ho n\u00e1dra\u017e\u00ed je to 900 metr\u016f.Telefonn\u00ed kontakty D\u00e1\u0161a: 777 200 354Naty: 773 032 [&hellip;]<\/p>\n","protected":false},"author":1,"featured_media":0,"parent":0,"menu_order":0,"comment_status":"closed","ping_status":"closed","template":"","meta":{"_acf_changed":false,"_et_pb_use_builder":"on","_et_pb_old_content":"","_et_gb_content_width":"","inline_featured_image":false,"footnotes":""},"class_list":["post-285","page","type-page","status-publish","hentry"],"acf":[],"_links":{"self":[{"href":"https:\/\/kaminka.pionyr.cz\/2026\/wp-json\/wp\/v2\/pages\/285","targetHints":{"allow":["GET"]}}],"collection":[{"href":"https:\/\/kaminka.pionyr.cz\/2026\/wp-json\/wp\/v2\/pages"}],"about":[{"href":"https:\/\/kaminka.pionyr.cz\/2026\/wp-json\/wp\/v2\/types\/page"}],"author":[{"embeddable":true,"href":"https:\/\/kaminka.pionyr.cz\/2026\/wp-json\/wp\/v2\/users\/1"}],"replies":[{"embeddable":true,"href":"https:\/\/kaminka.pionyr.cz\/2026\/wp-json\/wp\/v2\/comments?post=285"}],"version-history":[{"count":5,"href":"https:\/\/kaminka.pionyr.cz\/2026\/wp-json\/wp\/v2\/pages\/285\/revisions"}],"predecessor-version":[{"id":300,"href":"https:\/\/kaminka.pionyr.cz\/2026\/wp-json\/wp\/v2\/pages\/285\/revisions\/300"}],"wp:attachment":[{"href":"https:\/\/kaminka.pionyr.cz\/2026\/wp-json\/wp\/v2\/media?parent=285"}],"curies":[{"name":"wp","href":"https:\/\/api.w.org\/{rel}","templated":true}]}}