{"id":329,"date":"2025-06-03T17:59:00","date_gmt":"2025-06-03T15:59:00","guid":{"rendered":"https:\/\/kaminka.pionyr.cz\/2026\/?page_id=329"},"modified":"2025-06-03T17:59:03","modified_gmt":"2025-06-03T15:59:03","slug":"organizatori","status":"publish","type":"page","link":"https:\/\/kaminka.pionyr.cz\/2026\/organizatori\/","title":{"rendered":"Organiz\u00e1to\u0159i"},"content":{"rendered":"<p>[et_pb_section fb_built=&#8220;1&#8243; fullwidth=&#8220;on&#8220; theme_builder_area=&#8220;post_content&#8220; _builder_version=&#8220;4.19.4&#8243; _module_preset=&#8220;default&#8220;][et_pb_fullwidth_header _builder_version=&#8220;4.19.4&#8243; _module_preset=&#8220;9361716a-50af-4aeb-a4e4-7e5d19099a90&#8243; theme_builder_area=&#8220;post_content&#8220; title=&#8220;Organiza\u010dn\u00ed t\u00fdm&#8220; hover_enabled=&#8220;0&#8243; sticky_enabled=&#8220;0&#8243;][\/et_pb_fullwidth_header][\/et_pb_section][et_pb_section fb_built=&#8220;1&#8243; theme_builder_area=&#8220;post_content&#8220; _builder_version=&#8220;4.19.4&#8243; _module_preset=&#8220;default&#8220;][et_pb_row _builder_version=&#8220;4.19.4&#8243; _module_preset=&#8220;default&#8220; theme_builder_area=&#8220;post_content&#8220;][et_pb_column _builder_version=&#8220;4.19.4&#8243; _module_preset=&#8220;default&#8220; type=&#8220;4_4&#8243; theme_builder_area=&#8220;post_content&#8220;][et_pb_de_mach_archive_loop _builder_version=&#8220;4.19.4&#8243; _module_preset=&#8220;default&#8220; theme_builder_area=&#8220;post_content&#8220; post_type_choose=&#8220;off|off|off|off|off|off|off|on|off&#8220; loop_layout=&#8220;306&#8243; posts_number=&#8220;99&#8243; acf_name=&#8220;field_683f186cc7557&#8243; acf_value=&#8220;1&#8243; equal_height=&#8220;on&#8220; columns=&#8220;2&#8243; hover_enabled=&#8220;0&#8243; sticky_enabled=&#8220;0&#8243;][\/et_pb_de_mach_archive_loop][\/et_pb_column][\/et_pb_row][\/et_pb_section]<\/p>\n","protected":false},"excerpt":{"rendered":"","protected":false},"author":1,"featured_media":0,"parent":0,"menu_order":0,"comment_status":"closed","ping_status":"closed","template":"","meta":{"_acf_changed":false,"_et_pb_use_builder":"on","_et_pb_old_content":"","_et_gb_content_width":"","inline_featured_image":false,"footnotes":""},"class_list":["post-329","page","type-page","status-publish","hentry"],"acf":[],"_links":{"self":[{"href":"https:\/\/kaminka.pionyr.cz\/2026\/wp-json\/wp\/v2\/pages\/329","targetHints":{"allow":["GET"]}}],"collection":[{"href":"https:\/\/kaminka.pionyr.cz\/2026\/wp-json\/wp\/v2\/pages"}],"about":[{"href":"https:\/\/kaminka.pionyr.cz\/2026\/wp-json\/wp\/v2\/types\/page"}],"author":[{"embeddable":true,"href":"https:\/\/kaminka.pionyr.cz\/2026\/wp-json\/wp\/v2\/users\/1"}],"replies":[{"embeddable":true,"href":"https:\/\/kaminka.pionyr.cz\/2026\/wp-json\/wp\/v2\/comments?post=329"}],"version-history":[{"count":2,"href":"https:\/\/kaminka.pionyr.cz\/2026\/wp-json\/wp\/v2\/pages\/329\/revisions"}],"predecessor-version":[{"id":331,"href":"https:\/\/kaminka.pionyr.cz\/2026\/wp-json\/wp\/v2\/pages\/329\/revisions\/331"}],"wp:attachment":[{"href":"https:\/\/kaminka.pionyr.cz\/2026\/wp-json\/wp\/v2\/media?parent=329"}],"curies":[{"name":"wp","href":"https:\/\/api.w.org\/{rel}","templated":true}]}}