{"id":409,"date":"2025-07-30T13:40:00","date_gmt":"2025-07-30T11:40:00","guid":{"rendered":"https:\/\/kaminka.pionyr.cz\/2026\/?page_id=409"},"modified":"2025-08-15T12:51:57","modified_gmt":"2025-08-15T10:51:57","slug":"o-akci","status":"publish","type":"page","link":"https:\/\/kaminka.pionyr.cz\/2026\/o-akci\/","title":{"rendered":"O akci"},"content":{"rendered":"<p>[et_pb_section fb_built=&#8220;1&#8243; fullwidth=&#8220;on&#8220; _builder_version=&#8220;4.27.4&#8243; _module_preset=&#8220;default&#8220; global_colors_info=&#8220;{}&#8220;][et_pb_fullwidth_header title=&#8220;@ET-DC@eyJkeW5hbWljIjp0cnVlLCJjb250ZW50IjoicG9zdF90aXRsZSIsInNldHRpbmdzIjp7ImJlZm9yZSI6IiIsImFmdGVyIjoiIn19@&#8220; _builder_version=&#8220;4.27.4&#8243; _dynamic_attributes=&#8220;title&#8220; _module_preset=&#8220;9361716a-50af-4aeb-a4e4-7e5d19099a90&#8243; global_colors_info=&#8220;{}&#8220;][\/et_pb_fullwidth_header][\/et_pb_section][et_pb_section fb_built=&#8220;1&#8243; _builder_version=&#8220;4.27.4&#8243; _module_preset=&#8220;default&#8220; global_colors_info=&#8220;{}&#8220;][et_pb_row column_structure=&#8220;1_2,1_2&#8243; make_equal=&#8220;on&#8220; _builder_version=&#8220;4.27.4&#8243; _module_preset=&#8220;default&#8220; global_colors_info=&#8220;{}&#8220;][et_pb_column type=&#8220;1_2&#8243; _builder_version=&#8220;4.27.4&#8243; _module_preset=&#8220;default&#8220; custom_css_main_element=&#8220;align-self: center;&#8220; global_colors_info=&#8220;{}&#8220;][et_pb_text _builder_version=&#8220;4.27.4&#8243; _module_preset=&#8220;default&#8220; text_font_size=&#8220;20px&#8220; text_line_height=&#8220;1.6em&#8220; header_3_text_color=&#8220;#25C1FF&#8220; global_colors_info=&#8220;{}&#8220;]<\/p>\n<h3>Kam\u00ednka se konaj\u00ed u\u017e \u0159adu let<\/h3>\n<p>P\u016fvodn\u00ed my\u0161lenka byla jednoduch\u00e1 a kr\u00e1sn\u00e1: ka\u017ed\u00fd p\u0159ilo\u017e\u00ed sv\u00e9 \u201epol\u00ednko\u201c \u2013 tedy n\u00e1pad, zku\u0161enost nebo energii \u2013 a spole\u010dn\u011b vytvo\u0159\u00edme plam\u00ednek, kter\u00fd zah\u0159eje. A i kdy\u017e se t\u00e9ma akce ka\u017ed\u00fd rok m\u011bn\u00ed, tenhle z\u00e1kladn\u00ed princip z\u016fst\u00e1v\u00e1.<\/p>\n<p>[\/et_pb_text][\/et_pb_column][et_pb_column type=&#8220;1_2&#8243; _builder_version=&#8220;4.27.4&#8243; _module_preset=&#8220;default&#8220; custom_css_main_element=&#8220;align-self: center;&#8220; global_colors_info=&#8220;{}&#8220;][et_pb_image src=&#8220;https:\/\/kaminka.pionyr.cz\/2026\/wp-content\/uploads\/sites\/3\/2025\/07\/DSC_0393-scaled.jpg&#8220; title_text=&#8220;DSC_0393&#8243; _builder_version=&#8220;4.27.4&#8243; _module_preset=&#8220;default&#8220; border_radii=&#8220;on|50px|50px|50px|50px&#8220; global_colors_info=&#8220;{}&#8220;][\/et_pb_image][\/et_pb_column][\/et_pb_row][et_pb_row column_structure=&#8220;1_2,1_2&#8243; make_equal=&#8220;on&#8220; disabled_on=&#8220;on|on|off&#8220; _builder_version=&#8220;4.27.4&#8243; _module_preset=&#8220;default&#8220; global_colors_info=&#8220;{}&#8220;][et_pb_column type=&#8220;1_2&#8243; _builder_version=&#8220;4.27.4&#8243; _module_preset=&#8220;default&#8220; custom_css_main_element=&#8220;align-self: center;&#8220; global_colors_info=&#8220;{}&#8220;][et_pb_image src=&#8220;https:\/\/kaminka.pionyr.cz\/2026\/wp-content\/uploads\/sites\/3\/2025\/07\/0023_marcel_2019-04-12-21-37-59.jpg&#8220; title_text=&#8220;0023_marcel_2019-04-12-21-37-59&#8243; _builder_version=&#8220;4.27.4&#8243; _module_preset=&#8220;default&#8220; border_radii=&#8220;on|50px|50px|50px|50px&#8220; global_colors_info=&#8220;{}&#8220;][\/et_pb_image][\/et_pb_column][et_pb_column type=&#8220;1_2&#8243; _builder_version=&#8220;4.27.4&#8243; _module_preset=&#8220;default&#8220; custom_css_main_element=&#8220;align-self: center;&#8220; global_colors_info=&#8220;{}&#8220;][et_pb_text _builder_version=&#8220;4.27.4&#8243; _module_preset=&#8220;default&#8220; text_font_size=&#8220;20px&#8220; text_line_height=&#8220;1.6em&#8220; header_3_line_height=&#8220;1.5em&#8220; global_colors_info=&#8220;{}&#8220;]<\/p>\n<h3>T\u00e9matem ro\u010dn\u00edku 2026 je: \u201eNadechni se, aneb nejd\u0159\u00edve nasa\u010f masku sob\u011b.\u201c<\/h3>\n<p>Proto\u017ee v\u00edme, \u017ee vedouc\u00ed, instrukto\u0159i a dal\u0161\u00ed lid\u00e9 pracuj\u00edc\u00ed s d\u011btmi \u010dasto d\u00e1vaj\u00ed v\u00edc, ne\u017e si sami dovol\u00ed p\u0159ij\u00edmat. Kam\u00ednka jim nab\u00edzej\u00ed mo\u017enost na chv\u00edli se zastavit, zhluboka nadechnout a znovu naj\u00edt rovnov\u00e1hu \u2013 mezi t\u011blem, mysl\u00ed a du\u0161\u00ed.<\/p>\n<p>[\/et_pb_text][\/et_pb_column][\/et_pb_row][et_pb_row column_structure=&#8220;1_2,1_2&#8243; make_equal=&#8220;on&#8220; disabled_on=&#8220;off|off|on&#8220; _builder_version=&#8220;4.27.4&#8243; _module_preset=&#8220;default&#8220; global_colors_info=&#8220;{}&#8220;][et_pb_column type=&#8220;1_2&#8243; _builder_version=&#8220;4.27.4&#8243; _module_preset=&#8220;default&#8220; custom_css_main_element=&#8220;align-self: center;&#8220; global_colors_info=&#8220;{}&#8220;][et_pb_text _builder_version=&#8220;4.27.4&#8243; _module_preset=&#8220;default&#8220; text_font_size=&#8220;20px&#8220; text_line_height=&#8220;1.6em&#8220; header_3_line_height=&#8220;1.5em&#8220; global_colors_info=&#8220;{}&#8220;]<\/p>\n<h3>T\u00e9matem ro\u010dn\u00edku 2026 je: \u201eNadechni se, aneb nejd\u0159\u00edve nasa\u010f masku sob\u011b.\u201c<\/h3>\n<p>Proto\u017ee v\u00edme, \u017ee vedouc\u00ed, instrukto\u0159i a dal\u0161\u00ed lid\u00e9 pracuj\u00edc\u00ed s d\u011btmi \u010dasto d\u00e1vaj\u00ed v\u00edc, ne\u017e si sami dovol\u00ed p\u0159ij\u00edmat. Kam\u00ednka jim nab\u00edzej\u00ed mo\u017enost na chv\u00edli se zastavit, zhluboka nadechnout a znovu naj\u00edt rovnov\u00e1hu \u2013 mezi t\u011blem, mysl\u00ed a du\u0161\u00ed.<\/p>\n<p>[\/et_pb_text][\/et_pb_column][et_pb_column type=&#8220;1_2&#8243; _builder_version=&#8220;4.27.4&#8243; _module_preset=&#8220;default&#8220; custom_css_main_element=&#8220;align-self: center;&#8220; global_colors_info=&#8220;{}&#8220;][et_pb_image src=&#8220;https:\/\/kaminka.pionyr.cz\/2026\/wp-content\/uploads\/sites\/3\/2025\/07\/0023_marcel_2019-04-12-21-37-59.jpg&#8220; title_text=&#8220;0023_marcel_2019-04-12-21-37-59&#8243; _builder_version=&#8220;4.27.4&#8243; _module_preset=&#8220;default&#8220; hover_enabled=&#8220;0&#8243; border_radii=&#8220;on|50px|50px|50px|50px&#8220; global_colors_info=&#8220;{}&#8220; sticky_enabled=&#8220;0&#8243;][\/et_pb_image][\/et_pb_column][\/et_pb_row][et_pb_row column_structure=&#8220;1_2,1_2&#8243; make_equal=&#8220;on&#8220; _builder_version=&#8220;4.27.4&#8243; _module_preset=&#8220;default&#8220; global_colors_info=&#8220;{}&#8220;][et_pb_column type=&#8220;1_2&#8243; _builder_version=&#8220;4.27.4&#8243; _module_preset=&#8220;default&#8220; custom_css_main_element=&#8220;align-self: center;&#8220; global_colors_info=&#8220;{}&#8220;][et_pb_text _builder_version=&#8220;4.27.4&#8243; _module_preset=&#8220;default&#8220; text_font_size=&#8220;20px&#8220; text_line_height=&#8220;1.6em&#8220; header_3_text_color=&#8220;#86D07A&#8220; global_colors_info=&#8220;{}&#8220;]<\/p>\n<h3>V Pion\u00fdru je necel\u00fdch 8\u202f000 dobrovoln\u00edk\u016f,<\/h3>\n<p>kte\u0159\u00ed se v\u011bnuj\u00ed d\u011btem, jejich rozvoji a dal\u0161\u00edmu vzd\u011bl\u00e1v\u00e1n\u00ed. Pr\u00e1v\u011b pro n\u011b pravideln\u011b po\u0159\u00e1d\u00e1me Kam\u00ednka \u2013 v\u00edkendovou vzd\u011bl\u00e1vac\u00ed akci plnou inspirace, sd\u00edlen\u00ed, pohybu, tvo\u0159en\u00ed i zaslou\u017een\u00e9ho odpo\u010dinku.<\/p>\n<p>[\/et_pb_text][\/et_pb_column][et_pb_column type=&#8220;1_2&#8243; _builder_version=&#8220;4.27.4&#8243; _module_preset=&#8220;default&#8220; custom_css_main_element=&#8220;align-self: center;&#8220; global_colors_info=&#8220;{}&#8220;][et_pb_image src=&#8220;https:\/\/kaminka.pionyr.cz\/2026\/wp-content\/uploads\/sites\/3\/2025\/08\/DSC07013-scaled.jpg&#8220; title_text=&#8220;DSC07013&#8243; _builder_version=&#8220;4.27.4&#8243; _module_preset=&#8220;default&#8220; hover_enabled=&#8220;0&#8243; global_colors_info=&#8220;{}&#8220; border_radii=&#8220;on|50px|50px|50px|50px&#8220; sticky_enabled=&#8220;0&#8243;][\/et_pb_image][\/et_pb_column][\/et_pb_row][et_pb_row _builder_version=&#8220;4.27.4&#8243; _module_preset=&#8220;default&#8220; global_colors_info=&#8220;{}&#8220;][et_pb_column type=&#8220;4_4&#8243; _builder_version=&#8220;4.27.4&#8243; _module_preset=&#8220;default&#8220; global_colors_info=&#8220;{}&#8220;][et_pb_text _builder_version=&#8220;4.27.4&#8243; _module_preset=&#8220;default&#8220; text_font_size=&#8220;20px&#8220; text_line_height=&#8220;1.6em&#8220; global_colors_info=&#8220;{}&#8220;]<\/p>\n<p>Vzd\u011bl\u00e1v\u00e1n\u00ed t\u011bchto lid\u00ed m\u00e1 obrovsk\u00fd smysl. Jsou s d\u011btmi v kontaktu po cel\u00fd rok \u2013 na t\u00e1borech, sch\u016fzk\u00e1ch i v\u00edkendov\u00fdch akc\u00edch. Jejich osobn\u00ed i odborn\u00fd posun znamen\u00e1 lep\u0161\u00ed p\u00e9\u010di o novou generaci.<\/p>\n<p>[\/et_pb_text][et_pb_text disabled_on=&#8220;on|on|off&#8220; _builder_version=&#8220;4.27.4&#8243; _module_preset=&#8220;default&#8220; text_font_size=&#8220;26px&#8220; text_line_height=&#8220;4em&#8220; global_colors_info=&#8220;{}&#8220;]<\/p>\n<p><strong>Jen v roce 2024 uspo\u0159\u00e1dal Pion\u00fdr v\u00edce ne\u017e <span style=\"font-size: 25pt; background-color: #25c1ff; color: white; padding: 1rem; border-radius: 50px;\">300\u00a0letn\u00edch\u00a0t\u00e1bor\u016f<\/span> pro\u00a0<span style=\"font-size: 25pt; background-color: #86d07a; color: white; padding: 1rem; border-radius: 50px;\">17\u00a0000\u00a0d\u011bt\u00ed<\/span> a\u00a0mladistv\u00fdch a\u00a0k\u00a0tomu <span style=\"font-size: 25pt; background-color: #ffd016; color: black; padding: 1rem; border-radius: 50px;\">884\u00a0dal\u0161\u00edch\u00a0akc\u00ed<\/span>\u00a0pro <span style=\"font-size: 25pt; background-color: #f12fc5; color: white; padding: 1rem; border-radius: 50px;\">25\u00a0000\u00a0\u00fa\u010dastn\u00edk\u016f<\/span>.<\/strong><\/p>\n<p>[\/et_pb_text][et_pb_text disabled_on=&#8220;off|off|on&#8220; admin_label=&#8220;Text na mobilu&#8220; _builder_version=&#8220;4.27.4&#8243; _module_preset=&#8220;default&#8220; text_font_size=&#8220;26px&#8220; text_line_height=&#8220;2.5em&#8220; global_colors_info=&#8220;{}&#8220;]<strong>Jen v roce 2024 uspo\u0159\u00e1dal Pion\u00fdr v\u00edce ne\u017e <span style=\"font-size: 18pt; background-color: #25c1ff; color: white; padding: 0.7rem; border-radius: 50px;\">300\u00a0letn\u00edch\u00a0t\u00e1bor\u016f<\/span> pro\u00a0<span style=\"font-size: 18pt; background-color: #86d07a; color: white; padding: 0.7rem; border-radius: 50px;\">17\u00a0000\u00a0d\u011bt\u00ed<\/span> a\u00a0mladistv\u00fdch a\u00a0k\u00a0tomu <span style=\"font-size: 18pt; background-color: #ffd016; color: black; padding: 0.7rem; border-radius: 50px;\">884\u00a0dal\u0161\u00edch\u00a0akc\u00ed<\/span>\u00a0pro <span style=\"font-size: 18pt; background-color: #f12fc5; color: white; padding: 0.7rem; border-radius: 50px;\">25\u00a0000\u00a0\u00fa\u010dastn\u00edk\u016f<\/span>.<\/strong>[\/et_pb_text][et_pb_text _builder_version=&#8220;4.27.4&#8243; _module_preset=&#8220;default&#8220; text_font_size=&#8220;23px&#8220; text_line_height=&#8220;1.5em&#8220; global_colors_info=&#8220;{}&#8220;]<\/p>\n<p>Letos poprv\u00e9 <strong>otev\u0159eme<\/strong> Kam\u00ednka i <strong>u\u010ditel\u016fm a lidem z dal\u0161\u00edch spolk\u016f<\/strong>, kte\u0159\u00ed se d\u011btem v\u011bnuj\u00ed se stejn\u00fdm nasazen\u00edm. V\u011b\u0159\u00edme, \u017ee kdy\u017e se <strong>propoj\u00ed<\/strong> r\u016fzn\u00e9 p\u0159\u00edstupy, vznikne n\u011bco <strong>siln\u00e9ho<\/strong>, <strong>hodnotn\u00e9ho<\/strong> \u2013 a hlavn\u011b <strong>p\u0159\u00ednosn\u00e9ho pro d\u011bti<\/strong> samotn\u00e9.<\/p>\n<p>[\/et_pb_text][et_pb_text _builder_version=&#8220;4.27.4&#8243; _module_preset=&#8220;default&#8220; text_font_size=&#8220;20px&#8220; text_line_height=&#8220;1.5em&#8220; header_2_font_size=&#8220;30px&#8220; custom_margin=&#8220;||14px|||&#8220; global_colors_info=&#8220;{}&#8220;]<\/p>\n<h2>Hled\u00e1me <span style=\"color: #25c1ff;\">lektory<\/span> a <span style=\"color: #86d07a;\">partnery<\/span><\/h2>\n<p><strong>Chcete p\u0159ilo\u017eit sv\u00e9 \u201epol\u00ednko\u201c do plamene, kter\u00fd pom\u00e1h\u00e1 rozsv\u011bcet sv\u011bt d\u011bt\u00ed? Hled\u00e1me:<\/strong><\/p>\n<p><span style=\"color: #25c1ff; font-weight: 900; font-size: 18pt;\">LEKTORY<\/span>, kte\u0159\u00ed mohou p\u0159edat sv\u00e9 zku\u0161enosti v oblasti psychologie, komunikace, veden\u00ed lid\u00ed, pedagogiky, t\u00fdmov\u00e9 spolupr\u00e1ce, zdrav\u00ed, wellbeingu, praktick\u00fdch dovednost\u00ed nebo t\u0159eba pohybov\u00fdch a tvo\u0159iv\u00fdch aktivit<\/p>\n<p>[\/et_pb_text][et_pb_button button_url=&#8220;https:\/\/tally.so\/r\/mYXkDW&#8220; url_new_window=&#8220;on&#8220; button_text=&#8220;Chci lektorovat!&#8220; button_alignment=&#8220;left&#8220; _builder_version=&#8220;4.27.4&#8243; _module_preset=&#8220;default&#8220; custom_button=&#8220;on&#8220; button_bg_color=&#8220;#25C1FF&#8220; button_border_color=&#8220;#25C1FF&#8220; button_use_icon=&#8220;off&#8220; global_colors_info=&#8220;{}&#8220; button_bg_color__hover_enabled=&#8220;on|hover&#8220; button_text_color__hover_enabled=&#8220;on|desktop&#8220; button_text_color__hover=&#8220;#25C1FF&#8220; button_border_color__hover_enabled=&#8220;on|hover&#8220; button_border_color__hover=&#8220;#25C1FF&#8220; button_bg_color__hover=&#8220;#FFFFFF&#8220; button_bg_enable_color__hover=&#8220;on&#8220; button_icon_color__hover_enabled=&#8220;on|hover&#8220; button_icon_color__hover=&#8220;#25C1FF&#8220;][\/et_pb_button][et_pb_text _builder_version=&#8220;4.27.4&#8243; _module_preset=&#8220;default&#8220; text_font_size=&#8220;20px&#8220; text_line_height=&#8220;1.5em&#8220; link_font=&#8220;||||on||||&#8220; link_text_color=&#8220;#E12FC5&#8243; header_2_text_color=&#8220;#25C1FF&#8220; header_2_font_size=&#8220;30px&#8220; custom_margin=&#8220;||14px|||&#8220; global_colors_info=&#8220;{}&#8220;]<\/p>\n<p><span style=\"color: #86d07a; font-weight: 900; font-size: 18pt;\">PARTNERY<\/span>, kte\u0159\u00ed v\u011b\u0159\u00ed ve smyslupln\u00e9 vzd\u011bl\u00e1v\u00e1n\u00ed a cht\u011bj\u00ed podpo\u0159it ty, kte\u0159\u00ed tvo\u0159\u00ed budoucnost \u2013 doslova.<\/p>\n<p>[\/et_pb_text][et_pb_button button_url=&#8220;\/2026\/partner&#8220; button_text=&#8220;Chci b\u00fdt partner!&#8220; button_alignment=&#8220;left&#8220; _builder_version=&#8220;4.27.4&#8243; _module_preset=&#8220;default&#8220; custom_button=&#8220;on&#8220; button_text_color=&#8220;#FFFFFF&#8220; button_bg_color=&#8220;#86D07A&#8220; button_border_color=&#8220;#86D07A&#8220; button_use_icon=&#8220;off&#8220; global_colors_info=&#8220;{}&#8220; button_bg_color__hover_enabled=&#8220;on|desktop&#8220; button_text_color__hover_enabled=&#8220;on|hover&#8220; button_text_color__hover=&#8220;#86D07A&#8220; button_border_color__hover_enabled=&#8220;on|hover&#8220; button_border_color__hover=&#8220;#86D07A&#8220; button_bg_color__hover=&#8220;#FFFFFF&#8220; button_bg_enable_color__hover=&#8220;on&#8220; button_icon_color__hover_enabled=&#8220;on|hover&#8220; button_icon_color__hover=&#8220;#25C1FF&#8220;][\/et_pb_button][\/et_pb_column][\/et_pb_row][\/et_pb_section]<\/p>\n","protected":false},"excerpt":{"rendered":"<p>Kam\u00ednka se konaj\u00ed u\u017e \u0159adu let P\u016fvodn\u00ed my\u0161lenka byla jednoduch\u00e1 a kr\u00e1sn\u00e1: ka\u017ed\u00fd p\u0159ilo\u017e\u00ed sv\u00e9 \u201epol\u00ednko\u201c \u2013 tedy n\u00e1pad, zku\u0161enost nebo energii \u2013 a spole\u010dn\u011b vytvo\u0159\u00edme plam\u00ednek, kter\u00fd zah\u0159eje. A i kdy\u017e se t\u00e9ma akce ka\u017ed\u00fd rok m\u011bn\u00ed, tenhle z\u00e1kladn\u00ed princip z\u016fst\u00e1v\u00e1.T\u00e9matem ro\u010dn\u00edku 2026 je: \u201eNadechni se, aneb nejd\u0159\u00edve nasa\u010f masku sob\u011b.\u201c Proto\u017ee v\u00edme, \u017ee [&hellip;]<\/p>\n","protected":false},"author":1,"featured_media":0,"parent":0,"menu_order":0,"comment_status":"closed","ping_status":"closed","template":"","meta":{"_acf_changed":false,"_et_pb_use_builder":"on","_et_pb_old_content":"","_et_gb_content_width":"","inline_featured_image":false,"footnotes":""},"class_list":["post-409","page","type-page","status-publish","hentry"],"acf":[],"_links":{"self":[{"href":"https:\/\/kaminka.pionyr.cz\/2026\/wp-json\/wp\/v2\/pages\/409","targetHints":{"allow":["GET"]}}],"collection":[{"href":"https:\/\/kaminka.pionyr.cz\/2026\/wp-json\/wp\/v2\/pages"}],"about":[{"href":"https:\/\/kaminka.pionyr.cz\/2026\/wp-json\/wp\/v2\/types\/page"}],"author":[{"embeddable":true,"href":"https:\/\/kaminka.pionyr.cz\/2026\/wp-json\/wp\/v2\/users\/1"}],"replies":[{"embeddable":true,"href":"https:\/\/kaminka.pionyr.cz\/2026\/wp-json\/wp\/v2\/comments?post=409"}],"version-history":[{"count":24,"href":"https:\/\/kaminka.pionyr.cz\/2026\/wp-json\/wp\/v2\/pages\/409\/revisions"}],"predecessor-version":[{"id":488,"href":"https:\/\/kaminka.pionyr.cz\/2026\/wp-json\/wp\/v2\/pages\/409\/revisions\/488"}],"wp:attachment":[{"href":"https:\/\/kaminka.pionyr.cz\/2026\/wp-json\/wp\/v2\/media?parent=409"}],"curies":[{"name":"wp","href":"https:\/\/api.w.org\/{rel}","templated":true}]}}