{"id":492,"date":"2025-10-31T15:30:27","date_gmt":"2025-10-31T14:30:27","guid":{"rendered":"https:\/\/kaminka.pionyr.cz\/2026\/?page_id=492"},"modified":"2026-02-09T14:36:50","modified_gmt":"2026-02-09T13:36:50","slug":"eshop","status":"publish","type":"page","link":"https:\/\/kaminka.pionyr.cz\/2026\/eshop\/","title":{"rendered":"E-shop"},"content":{"rendered":"<p>[et_pb_section fb_built=&#8220;1&#8243; fullwidth=&#8220;on&#8220; _builder_version=&#8220;4.27.4&#8243; _module_preset=&#8220;default&#8220; global_colors_info=&#8220;{}&#8220;][et_pb_fullwidth_header title=&#8220;@ET-DC@eyJkeW5hbWljIjp0cnVlLCJjb250ZW50IjoicG9zdF90aXRsZSIsInNldHRpbmdzIjp7ImJlZm9yZSI6IiIsImFmdGVyIjoiIn19@&#8220; _builder_version=&#8220;4.27.4&#8243; _dynamic_attributes=&#8220;title&#8220; _module_preset=&#8220;9361716a-50af-4aeb-a4e4-7e5d19099a90&#8243; hover_enabled=&#8220;0&#8243; global_colors_info=&#8220;{}&#8220; button_one_text=&#8220;NAKOUPIT&#8220; button_one_url=&#8220;https:\/\/tally.so\/r\/mRpzd4&#8243; sticky_enabled=&#8220;0&#8243;][\/et_pb_fullwidth_header][\/et_pb_section][et_pb_section fb_built=&#8220;1&#8243; _builder_version=&#8220;4.27.4&#8243; _module_preset=&#8220;default&#8220; global_colors_info=&#8220;{}&#8220;][et_pb_row make_equal=&#8220;on&#8220; _builder_version=&#8220;4.27.4&#8243; _module_preset=&#8220;default&#8220; global_colors_info=&#8220;{}&#8220;][et_pb_column type=&#8220;4_4&#8243; _builder_version=&#8220;4.27.4&#8243; _module_preset=&#8220;default&#8220; custom_css_main_element=&#8220;align-self: center;&#8220; global_colors_info=&#8220;{}&#8220;][et_pb_text _builder_version=&#8220;4.27.4&#8243; _module_preset=&#8220;default&#8220; text_font_size=&#8220;20px&#8220; text_line_height=&#8220;1.6em&#8220; link_font=&#8220;||||on||||&#8220; link_text_color=&#8220;#E12FC5&#8243; ul_line_height=&#8220;1.7em&#8220; header_3_text_color=&#8220;#E12FC5&#8243; global_colors_info=&#8220;{}&#8220;]<\/p>\n<h3>Oble\u010d se do stylu, kter\u00fd m\u00e1 smysl<\/h3>\n<p>Na na\u0161em e-shopu najde\u0161 origin\u00e1ln\u00ed propaga\u010dn\u00ed p\u0159edm\u011bty z akce Kam\u00ednka 2026 \u2013 tri\u010dka, mikiny a pl\u00e1t\u011bnky, kter\u00e9 ti p\u0159ipomenou atmosf\u00e9ru, lidi a energii cel\u00e9 akce.<\/p>\n<h3>Kolekce Classic<\/h3>\n<p>Jednoduch\u00fd a tradi\u010dn\u00ed styl s potiskem loga Kam\u00ednek a Pion\u00fdra. Ide\u00e1ln\u00ed pro v\u0161echny, kte\u0159\u00ed cht\u011bj\u00ed nosit symbol akce na v\u00fdpravy, do klubovny nebo jen tak.<\/p>\n<p>Pokud kolekci Classic objedn\u00e1\u0161 do konce tohoto roku, m\u00e1\u0161 mo\u017enost z v\u00fdb\u011bru potisku\/v\u00fd\u0161ivky. Ob\u011b varianty stoj\u00ed stejn\u011b, v\u00fd\u0161ivka je za n\u00e1s kvalitn\u011bj\u0161\u00ed volbou.<\/p>\n<p><strong>Triko r\u016f\u017eov\u00e9 &#8211; 270 K\u010d<\/strong><\/p>\n<ul>\n<li>100% bavlna<\/li>\n<li>D\u00e1msk\u00e9: Gram\u00e1\u017e 150 g\/m2<\/li>\n<li>P\u00e1nsk\u00e9: Gram\u00e1\u017e 160 g\/m2<\/li>\n<\/ul>\n<p><strong>Triko modr\u00e9 &#8211; 270 K\u010d<\/strong><\/p>\n<ul>\n<li>100% bavlna<\/li>\n<li>D\u00e1msk\u00e9: Gram\u00e1\u017e 150 g\/m2<\/li>\n<li>P\u00e1nsk\u00e9: Gram\u00e1\u017e 160 g\/m2<\/li>\n<\/ul>\n<p><strong>Triko zelen\u00e9 &#8211; 270 K\u010d<\/strong><\/p>\n<ul>\n<li>100% bavlna<\/li>\n<li>D\u00e1msk\u00e9: Gram\u00e1\u017e 150 g\/m2<\/li>\n<li>P\u00e1nsk\u00e9: Gram\u00e1\u017e 160 g\/m2<\/li>\n<\/ul>\n<p><strong>Pl\u00e1t\u011bnka sv\u011btle modr\u00e1 mal\u00e1 &#8211; 145 K\u010d<\/strong><\/p>\n<ul>\n<li>100% bavlna<\/li>\n<li>Gram\u00e1\u017e 140 g\/m2<\/li>\n<\/ul>\n<p><strong>Pl\u00e1t\u011bnka b\u00e9\u017eov\u00e1 mal\u00e1 &#8211; 145 K\u010d<\/strong><\/p>\n<ul>\n<li>100% bavlna<\/li>\n<li>Gram\u00e1\u017e 140 g\/m2<\/li>\n<\/ul>\n<p>[\/et_pb_text][et_pb_gallery gallery_ids=&#8220;509,508,507,510,517,518&#8243; posts_number=&#8220;6&#8243; _builder_version=&#8220;4.27.4&#8243; _module_preset=&#8220;default&#8220; border_radii_image=&#8220;on|13px|13px|13px|13px&#8220; global_colors_info=&#8220;{}&#8220;][\/et_pb_gallery][et_pb_text _builder_version=&#8220;4.27.4&#8243; _module_preset=&#8220;default&#8220; text_font_size=&#8220;20px&#8220; text_line_height=&#8220;1.6em&#8220; link_font=&#8220;||||on||||&#8220; link_text_color=&#8220;#E12FC5&#8243; ul_line_height=&#8220;1.7em&#8220; header_3_text_color=&#8220;#E12FC5&#8243; global_colors_info=&#8220;{}&#8220;]<\/p>\n<h3>Kolekce Premium<\/h3>\n<p>Limitovan\u00e1 edice s origin\u00e1ln\u00edm autorsk\u00fdm motivem vytvo\u0159en\u00fdm p\u0159\u00edmo pro Kam\u00ednka 2026. Kousky z t\u00e9to kolekce jsou navr\u017een\u00e9 pro ka\u017edodenn\u00ed no\u0161en\u00ed \u2014 klidn\u011b i do pr\u00e1ce, do m\u011bsta nebo na p\u00e1rty.<\/p>\n<p><strong>Pro\u010d je kolekce Premium dra\u017e\u0161\u00ed?<\/strong><br \/>\nCh\u00e1peme, \u017ee se na prvn\u00ed pohled m\u016f\u017ee zd\u00e1t rozd\u00edl mezi cenami kolekc\u00ed velik\u00fd, ale slibujeme, \u017ee cena je v\u00fdrobn\u00ed. Potisk na plo\u0161e A4 je toti\u017e podstatn\u011b dra\u017e\u0161\u00ed, obzvl\u00e1\u0161\u0165, pokud chceme, aby n\u011bjakou dobu vydr\u017eel.<\/p>\n<p><strong>Triko \u010dern\u00e9 &#8211; 370 K\u010d<\/strong><\/p>\n<ul>\n<li>100% bavlna<\/li>\n<li>D\u00e1msk\u00e9: Gram\u00e1\u017e 150 g\/m2<\/li>\n<li>P\u00e1nsk\u00e9: Gram\u00e1\u017e 160 g\/m2<\/li>\n<\/ul>\n<p><strong>Mikina \u010dern\u00e1 &#8211; 725 K\u010d<\/strong><\/p>\n<ul>\n<li>80% bavlna \/ 20% polyester<\/li>\n<li>Gram\u00e1\u017e 280 g\/m2<\/li>\n<\/ul>\n<p><strong>Pl\u00e1t\u011bnka \u010dern\u00e1 mal\u00e1 &#8211; 320 K\u010d<\/strong><\/p>\n<ul>\n<li>100% bavlna<\/li>\n<li>Gram\u00e1\u017e 140 g\/m2<\/li>\n<\/ul>\n<p><strong>Pl\u00e1t\u011bnka \u010dern\u00e1 velk\u00e1 &#8211; 385 K\u010d<\/strong><\/p>\n<ul>\n<li>100% bavlna<\/li>\n<li>Gram\u00e1\u017e 280 g\/m2<\/li>\n<\/ul>\n<p>[\/et_pb_text][et_pb_gallery gallery_ids=&#8220;513,512&#8243; _builder_version=&#8220;4.27.4&#8243; _module_preset=&#8220;default&#8220; border_radii_image=&#8220;on|13px|13px|13px|13px&#8220; global_colors_info=&#8220;{}&#8220;][\/et_pb_gallery][et_pb_text _builder_version=&#8220;4.27.4&#8243; _module_preset=&#8220;default&#8220; text_font_size=&#8220;20px&#8220; text_line_height=&#8220;1.6em&#8220; link_font=&#8220;||||on||||&#8220; link_text_color=&#8220;#E12FC5&#8243; ul_line_height=&#8220;1.7em&#8220; header_3_text_color=&#8220;#E12FC5&#8243; global_colors_info=&#8220;{}&#8220;]<\/p>\n<h3>Jak oble\u010den\u00ed objednat<\/h3>\n<p>Odkaz pro objedn\u00e1n\u00ed najde\u0161 n\u00ed\u017ee. M\u016f\u017ee\u0161 \u017e\u00e1dat jako jednotlivec nebo skupina. Pokud v\u00ed\u0161, \u017ee v\u00e1s pojede na akci ze skupiny v\u00edce, objednejte hromadn\u011b.<\/p>\n<p><strong>Garance do konce roku<\/strong>: U v\u0161ech objedn\u00e1vek vytvo\u0159en\u00fdch do 31. 12. 2025 garantujeme v\u00fdrobu. U vybran\u00fdch bal\u00ed\u010dk\u016f nav\u00edc p\u0159ibal\u00edme mal\u00fd bonus.<\/p>\n<p><strong>Platby<\/strong>: Objedn\u00e1vky vytvo\u0159en\u00e9 do 31. 12. 2025 budou fakturov\u00e1ny v lednu (nepla\u0165 hned, je to v po\u0159\u00e1dku). Od ledna d\u00e1l pak budeme zpravidla fakturovat 1\u00d7 m\u011bs\u00ed\u010dn\u011b.<\/p>\n<p>Pokud ti nen\u00ed n\u011bco jasn\u00e9 nebo jsi si nejist\u00fd, ozvi se Naty na <a href=\"mailto:natalie.jandova@pionyr.cz\">natalie.jandova@pionyr.cz<\/a>.<\/p>\n<p><strong>Objednat si m\u016f\u017ee\u0161 tady: <a href=\"https:\/\/tally.so\/r\/mRpzd4\" target=\"_blank\" rel=\"noopener\">https:\/\/tally.so\/r\/mRpzd4<\/a><\/strong><\/p>\n<p>[\/et_pb_text][\/et_pb_column][\/et_pb_row][\/et_pb_section]<\/p>\n","protected":false},"excerpt":{"rendered":"<p>Oble\u010d se do stylu, kter\u00fd m\u00e1 smysl Na na\u0161em e-shopu najde\u0161 origin\u00e1ln\u00ed propaga\u010dn\u00ed p\u0159edm\u011bty z akce Kam\u00ednka 2026 \u2013 tri\u010dka, mikiny a pl\u00e1t\u011bnky, kter\u00e9 ti p\u0159ipomenou atmosf\u00e9ru, lidi a energii cel\u00e9 akce. Kolekce Classic Jednoduch\u00fd a tradi\u010dn\u00ed styl s potiskem loga Kam\u00ednek a Pion\u00fdra. Ide\u00e1ln\u00ed pro v\u0161echny, kte\u0159\u00ed cht\u011bj\u00ed nosit symbol akce na v\u00fdpravy, do [&hellip;]<\/p>\n","protected":false},"author":1,"featured_media":0,"parent":0,"menu_order":0,"comment_status":"closed","ping_status":"closed","template":"","meta":{"_acf_changed":false,"_et_pb_use_builder":"on","_et_pb_old_content":"","_et_gb_content_width":"","inline_featured_image":false,"footnotes":""},"class_list":["post-492","page","type-page","status-publish","hentry"],"acf":[],"_links":{"self":[{"href":"https:\/\/kaminka.pionyr.cz\/2026\/wp-json\/wp\/v2\/pages\/492","targetHints":{"allow":["GET"]}}],"collection":[{"href":"https:\/\/kaminka.pionyr.cz\/2026\/wp-json\/wp\/v2\/pages"}],"about":[{"href":"https:\/\/kaminka.pionyr.cz\/2026\/wp-json\/wp\/v2\/types\/page"}],"author":[{"embeddable":true,"href":"https:\/\/kaminka.pionyr.cz\/2026\/wp-json\/wp\/v2\/users\/1"}],"replies":[{"embeddable":true,"href":"https:\/\/kaminka.pionyr.cz\/2026\/wp-json\/wp\/v2\/comments?post=492"}],"version-history":[{"count":12,"href":"https:\/\/kaminka.pionyr.cz\/2026\/wp-json\/wp\/v2\/pages\/492\/revisions"}],"predecessor-version":[{"id":897,"href":"https:\/\/kaminka.pionyr.cz\/2026\/wp-json\/wp\/v2\/pages\/492\/revisions\/897"}],"wp:attachment":[{"href":"https:\/\/kaminka.pionyr.cz\/2026\/wp-json\/wp\/v2\/media?parent=492"}],"curies":[{"name":"wp","href":"https:\/\/api.w.org\/{rel}","templated":true}]}}